{"id":56,"date":"2025-01-27T13:45:21","date_gmt":"2025-01-27T13:45:21","guid":{"rendered":"https:\/\/compraplusve.com\/?page_id=56"},"modified":"2025-01-27T14:36:34","modified_gmt":"2025-01-27T14:36:34","slug":"producto","status":"publish","type":"page","link":"https:\/\/compraplusve.com\/index.php\/producto\/","title":{"rendered":"Producto"},"content":{"rendered":"<p>[et_pb_section fb_built=\u00bb1&#8243; _builder_version=\u00bb4.27.4&#8243; _module_preset=\u00bbdefault\u00bb custom_margin=\u00bb0px||0px||true|false\u00bb custom_padding=\u00bb0px||0px||true|false\u00bb global_colors_info=\u00bb{}\u00bb][et_pb_row _builder_version=\u00bb4.27.4&#8243; _module_preset=\u00bbdefault\u00bb custom_margin=\u00bb0px||0px||true|false\u00bb custom_padding=\u00bb0px||0px||true|false\u00bb global_colors_info=\u00bb{}\u00bb][et_pb_column type=\u00bb4_4&#8243; _builder_version=\u00bb4.27.4&#8243; _module_preset=\u00bbdefault\u00bb global_colors_info=\u00bb{}\u00bb][revslider_divi revslider_divi=\u00bb%91rev_slider alias=%22Mecha-Sci-Fi-Showcase-Slider%22 slidertitle=%22Mecha Sci-Fi Showcase Slider%22%93%91\/rev_slider%93&#8243; _builder_version=\u00bb4.27.4&#8243; _module_preset=\u00bbdefault\u00bb hover_enabled=\u00bb0&#8243; global_colors_info=\u00bb{}\u00bb sticky_enabled=\u00bb0&#8243;][\/revslider_divi][\/et_pb_column][\/et_pb_row][\/et_pb_section][et_pb_section fb_built=\u00bb1&#8243; admin_label=\u00bbFAQ\u00bb _builder_version=\u00bb4.27.4&#8243; background_color=\u00bb#1a4372&#8243; custom_padding=\u00bb54px|0px|54px|0px|false|false\u00bb locked=\u00bboff\u00bb global_colors_info=\u00bb{}\u00bb][et_pb_row _builder_version=\u00bb4.27.4&#8243; _module_preset=\u00bbdefault\u00bb global_colors_info=\u00bb{}\u00bb][et_pb_column type=\u00bb4_4&#8243; _builder_version=\u00bb4.27.4&#8243; _module_preset=\u00bbdefault\u00bb global_colors_info=\u00bb{}\u00bb][et_pb_text _builder_version=\u00bb4.27.4&#8243; text_font=\u00bbOxanium||||||||\u00bb text_text_color=\u00bb#FFFFFF\u00bb text_font_size=\u00bb18px\u00bb text_line_height=\u00bb1.8em\u00bb header_font=\u00bbOxanium|700|||||||\u00bb header_text_color=\u00bb#FFFFFF\u00bb header_font_size=\u00bb70px\u00bb header_line_height=\u00bb1.4em\u00bb text_orientation=\u00bbcenter\u00bb module_alignment=\u00bbcenter\u00bb text_font_size_tablet=\u00bb18px\u00bb text_font_size_phone=\u00bb15px\u00bb text_font_size_last_edited=\u00bbon|phone\u00bb header_font_size_tablet=\u00bb40px\u00bb header_font_size_phone=\u00bb30px\u00bb header_font_size_last_edited=\u00bbon|phone\u00bb locked=\u00bboff\u00bb global_colors_info=\u00bb{}\u00bb]<\/p>\n<h1>\u00bfC\u00f3mo afiliarse?<\/h1>\n<p>Afiliarse a COMPRA PLUS es muy f\u00e1cil. Si eres una empresa y deseas beneficiar a tu fuerza laboral con este innovador beneficio, puedes contactarnos y en un proceso r\u00e1pido y sencillo de 15 d\u00edas aproximadamente podemos otorgarle una l\u00ednea de financiamiento a cada trabajador para apoyarlos con sus consumos del d\u00eda a d\u00eda en las tiendas de Forum Supermayorista.<\/p>\n<p>[\/et_pb_text][\/et_pb_column][\/et_pb_row][et_pb_row column_structure=\u00bb1_2,1_2&#8243; use_custom_gutter=\u00bbon\u00bb _builder_version=\u00bb4.27.4&#8243; global_colors_info=\u00bb{}\u00bb][et_pb_column type=\u00bb1_2&#8243; _builder_version=\u00bb4.16&#8243; custom_padding=\u00bb|||\u00bb global_colors_info=\u00bb{}\u00bb custom_padding__hover=\u00bb|||\u00bb][et_pb_toggle title=\u00bbEmpresa consolidada\u00bb open=\u00bbon\u00bb open_toggle_text_color=\u00bb#FFFFFF\u00bb open_toggle_background_color=\u00bbrgba(255,255,255,0.1)\u00bb closed_toggle_text_color=\u00bb#FFFFFF\u00bb closed_toggle_background_color=\u00bbrgba(255,255,255,0.1)\u00bb _builder_version=\u00bb4.27.4&#8243; title_text_color=\u00bb#FFFFFF\u00bb title_level=\u00bbh4&#8243; title_font=\u00bbOxanium|700||on|||||\u00bb title_font_size=\u00bb18px\u00bb title_line_height=\u00bb1.4em\u00bb closed_title_font=\u00bbOxanium|700|||||||\u00bb body_font=\u00bbOxanium||||||||\u00bb body_text_color=\u00bb#FFFFFF\u00bb body_font_size=\u00bb16px\u00bb body_line_height=\u00bb2em\u00bb custom_padding=\u00bb30px|40px|30px|40px|true|true\u00bb animation_style=\u00bbfade\u00bb border_radii=\u00bbon|10px|10px|10px|10px\u00bb border_width_all=\u00bb0px\u00bb box_shadow_style=\u00bbpreset1&#8243; box_shadow_blur=\u00bb30px\u00bb box_shadow_color=\u00bbrgba(0,0,0,0.06)\u00bb global_colors_info=\u00bb{}\u00bb]<\/p>\n<p>Ser empresa venezolana o extranjera registrada con mas de 1 ano de operaciones y una n\u00f3mina mayor a 250 personas.<\/p>\n<p>[\/et_pb_toggle][et_pb_toggle title=\u00bbDeclaraci\u00f3n de ISLR.\u00bb open=\u00bbon\u00bb open_toggle_text_color=\u00bb#FFFFFF\u00bb open_toggle_background_color=\u00bbrgba(255,255,255,0.1)\u00bb closed_toggle_text_color=\u00bb#FFFFFF\u00bb closed_toggle_background_color=\u00bbrgba(255,255,255,0.1)\u00bb _builder_version=\u00bb4.27.4&#8243; title_text_color=\u00bb#FFFFFF\u00bb title_level=\u00bbh4&#8243; title_font=\u00bbOxanium|700||on|||||\u00bb title_font_size=\u00bb18px\u00bb title_line_height=\u00bb1.4em\u00bb closed_title_font=\u00bbOxanium|700|||||||\u00bb body_font=\u00bbOxanium||||||||\u00bb body_text_color=\u00bb#FFFFFF\u00bb body_font_size=\u00bb16px\u00bb body_line_height=\u00bb2em\u00bb custom_padding=\u00bb30px|40px|30px|40px|true|true\u00bb animation_style=\u00bbfade\u00bb border_radii=\u00bbon|10px|10px|10px|10px\u00bb border_width_all=\u00bb0px\u00bb box_shadow_style=\u00bbpreset1&#8243; box_shadow_blur=\u00bb30px\u00bb box_shadow_color=\u00bbrgba(0,0,0,0.06)\u00bb global_colors_info=\u00bb{}\u00bb][\/et_pb_toggle][et_pb_toggle title=\u00bbCedula y RIF del representante legal o apoderado\u00bb open_toggle_text_color=\u00bb#FFFFFF\u00bb open_toggle_background_color=\u00bbrgba(255,255,255,0.1)\u00bb closed_toggle_text_color=\u00bb#FFFFFF\u00bb closed_toggle_background_color=\u00bbrgba(255,255,255,0.1)\u00bb _builder_version=\u00bb4.27.4&#8243; title_text_color=\u00bb#FFFFFF\u00bb title_level=\u00bbh4&#8243; title_font=\u00bbOxanium|700||on|||||\u00bb title_font_size=\u00bb18px\u00bb title_line_height=\u00bb1.4em\u00bb closed_title_font=\u00bbOxanium|700|||||||\u00bb body_font=\u00bbOxanium||||||||\u00bb body_text_color=\u00bb#FFFFFF\u00bb body_font_size=\u00bb16px\u00bb body_line_height=\u00bb2em\u00bb custom_padding=\u00bb30px|40px|30px|40px|true|true\u00bb animation_style=\u00bbfade\u00bb border_radii=\u00bbon|10px|10px|10px|10px\u00bb border_width_all=\u00bb0px\u00bb box_shadow_style=\u00bbpreset1&#8243; box_shadow_blur=\u00bb30px\u00bb box_shadow_color=\u00bbrgba(0,0,0,0.06)\u00bb global_colors_info=\u00bb{}\u00bb][\/et_pb_toggle][et_pb_toggle title=\u00bbFirma de aceptaci\u00f3n de condiciones de los trabajadores beficiados\u00bb open_toggle_text_color=\u00bb#FFFFFF\u00bb open_toggle_background_color=\u00bbrgba(255,255,255,0.1)\u00bb closed_toggle_text_color=\u00bb#FFFFFF\u00bb closed_toggle_background_color=\u00bbrgba(255,255,255,0.1)\u00bb _builder_version=\u00bb4.27.4&#8243; title_text_color=\u00bb#FFFFFF\u00bb title_level=\u00bbh4&#8243; title_font=\u00bbOxanium|700||on|||||\u00bb title_font_size=\u00bb18px\u00bb title_line_height=\u00bb1.4em\u00bb closed_title_font=\u00bbOxanium|700|||||||\u00bb body_font=\u00bbOxanium||||||||\u00bb body_text_color=\u00bb#FFFFFF\u00bb body_font_size=\u00bb16px\u00bb body_line_height=\u00bb2em\u00bb custom_padding=\u00bb30px|40px|30px|40px|true|true\u00bb animation_style=\u00bbfade\u00bb border_radii=\u00bbon|10px|10px|10px|10px\u00bb border_width_all=\u00bb0px\u00bb box_shadow_style=\u00bbpreset1&#8243; box_shadow_blur=\u00bb30px\u00bb box_shadow_color=\u00bbrgba(0,0,0,0.06)\u00bb global_colors_info=\u00bb{}\u00bb][\/et_pb_toggle][\/et_pb_column][et_pb_column type=\u00bb1_2&#8243; _builder_version=\u00bb4.16&#8243; custom_padding=\u00bb|||\u00bb global_colors_info=\u00bb{}\u00bb custom_padding__hover=\u00bb|||\u00bb][et_pb_toggle title=\u00bbRIF actualizado\u00bb open=\u00bbon\u00bb open_toggle_text_color=\u00bb#FFFFFF\u00bb open_toggle_background_color=\u00bbrgba(255,255,255,0.1)\u00bb closed_toggle_text_color=\u00bb#FFFFFF\u00bb closed_toggle_background_color=\u00bbrgba(255,255,255,0.1)\u00bb _builder_version=\u00bb4.27.4&#8243; title_text_color=\u00bb#FFFFFF\u00bb title_level=\u00bbh4&#8243; title_font=\u00bbOxanium|700||on|||||\u00bb title_font_size=\u00bb18px\u00bb title_line_height=\u00bb1.4em\u00bb closed_title_font=\u00bbOxanium|700|||||||\u00bb body_font=\u00bbOxanium||||||||\u00bb body_text_color=\u00bb#FFFFFF\u00bb body_font_size=\u00bb16px\u00bb body_line_height=\u00bb2em\u00bb custom_padding=\u00bb30px|40px|30px|40px|true|true\u00bb animation_style=\u00bbfade\u00bb border_radii=\u00bbon|10px|10px|10px|10px\u00bb border_width_all=\u00bb0px\u00bb box_shadow_style=\u00bbpreset1&#8243; box_shadow_blur=\u00bb30px\u00bb box_shadow_color=\u00bbrgba(0,0,0,0.06)\u00bb locked=\u00bboff\u00bb global_colors_info=\u00bb{}\u00bb]<\/p>\n<p>RIF con informaci\u00f3n actualizada ante el SENIAT<\/p>\n<p>[\/et_pb_toggle][et_pb_toggle title=\u00bbRegistro mercantil y acta de asamblea vigente\u00bb open_toggle_text_color=\u00bb#FFFFFF\u00bb open_toggle_background_color=\u00bbrgba(255,255,255,0.1)\u00bb closed_toggle_text_color=\u00bb#FFFFFF\u00bb closed_toggle_background_color=\u00bbrgba(255,255,255,0.1)\u00bb _builder_version=\u00bb4.27.4&#8243; title_text_color=\u00bb#FFFFFF\u00bb title_level=\u00bbh4&#8243; title_font=\u00bbOxanium|700||on|||||\u00bb title_font_size=\u00bb18px\u00bb title_line_height=\u00bb1.4em\u00bb closed_title_font=\u00bbOxanium|700|||||||\u00bb body_font=\u00bbOxanium||||||||\u00bb body_text_color=\u00bb#FFFFFF\u00bb body_font_size=\u00bb16px\u00bb body_line_height=\u00bb2em\u00bb custom_padding=\u00bb30px|40px|30px|40px|true|true\u00bb animation_style=\u00bbfade\u00bb border_radii=\u00bbon|10px|10px|10px|10px\u00bb border_width_all=\u00bb0px\u00bb box_shadow_style=\u00bbpreset1&#8243; box_shadow_blur=\u00bb30px\u00bb box_shadow_color=\u00bbrgba(0,0,0,0.06)\u00bb locked=\u00bboff\u00bb global_colors_info=\u00bb{}\u00bb][\/et_pb_toggle][et_pb_toggle title=\u00bbFirma de contrato entre las partes\u00bb open_toggle_text_color=\u00bb#FFFFFF\u00bb open_toggle_background_color=\u00bbrgba(255,255,255,0.1)\u00bb closed_toggle_text_color=\u00bb#FFFFFF\u00bb closed_toggle_background_color=\u00bbrgba(255,255,255,0.1)\u00bb _builder_version=\u00bb4.27.4&#8243; title_text_color=\u00bb#FFFFFF\u00bb title_level=\u00bbh4&#8243; title_font=\u00bbOxanium|700||on|||||\u00bb title_font_size=\u00bb18px\u00bb title_line_height=\u00bb1.4em\u00bb closed_title_font=\u00bbOxanium|700|||||||\u00bb body_font=\u00bbOxanium||||||||\u00bb body_text_color=\u00bb#FFFFFF\u00bb body_font_size=\u00bb16px\u00bb body_line_height=\u00bb2em\u00bb custom_padding=\u00bb30px|40px|30px|40px|true|true\u00bb animation_style=\u00bbfade\u00bb border_radii=\u00bbon|10px|10px|10px|10px\u00bb border_width_all=\u00bb0px\u00bb box_shadow_style=\u00bbpreset1&#8243; box_shadow_blur=\u00bb30px\u00bb box_shadow_color=\u00bbrgba(0,0,0,0.06)\u00bb locked=\u00bboff\u00bb global_colors_info=\u00bb{}\u00bb][\/et_pb_toggle][et_pb_toggle title=\u00bbArchivo matriz de informaci\u00f3n de los trabajadores beneficiados\u00bb open_toggle_text_color=\u00bb#FFFFFF\u00bb open_toggle_background_color=\u00bbrgba(255,255,255,0.1)\u00bb closed_toggle_text_color=\u00bb#FFFFFF\u00bb closed_toggle_background_color=\u00bbrgba(255,255,255,0.1)\u00bb _builder_version=\u00bb4.27.4&#8243; title_text_color=\u00bb#FFFFFF\u00bb title_level=\u00bbh4&#8243; title_font=\u00bbOxanium|700||on|||||\u00bb title_font_size=\u00bb18px\u00bb title_line_height=\u00bb1.4em\u00bb closed_title_font=\u00bbOxanium|700|||||||\u00bb body_font=\u00bbOxanium||||||||\u00bb body_text_color=\u00bb#FFFFFF\u00bb body_font_size=\u00bb16px\u00bb body_line_height=\u00bb2em\u00bb custom_padding=\u00bb30px|40px|30px|40px|true|true\u00bb animation_style=\u00bbfade\u00bb border_radii=\u00bbon|10px|10px|10px|10px\u00bb border_width_all=\u00bb0px\u00bb box_shadow_style=\u00bbpreset1&#8243; box_shadow_blur=\u00bb30px\u00bb box_shadow_color=\u00bbrgba(0,0,0,0.06)\u00bb locked=\u00bboff\u00bb global_colors_info=\u00bb{}\u00bb][\/et_pb_toggle][\/et_pb_column][\/et_pb_row][\/et_pb_section][et_pb_section fb_built=\u00bb1&#8243; admin_label=\u00bbFAQ\u00bb _builder_version=\u00bb4.27.4&#8243; background_color=\u00bb#1a4372&#8243; custom_padding=\u00bb54px|0px|54px|0px|false|false\u00bb locked=\u00bboff\u00bb global_colors_info=\u00bb{}\u00bb][et_pb_row _builder_version=\u00bb4.16&#8243; locked=\u00bboff\u00bb global_colors_info=\u00bb{}\u00bb][et_pb_column type=\u00bb4_4&#8243; _builder_version=\u00bb4.16&#8243; custom_padding=\u00bb|||\u00bb global_colors_info=\u00bb{}\u00bb custom_padding__hover=\u00bb|||\u00bb][et_pb_text _builder_version=\u00bb4.27.4&#8243; text_font=\u00bbOxanium||||||||\u00bb text_text_color=\u00bb#FFFFFF\u00bb text_font_size=\u00bb18px\u00bb text_line_height=\u00bb1.4em\u00bb header_font=\u00bb||||||||\u00bb header_2_font=\u00bbOxanium|700|||||||\u00bb header_2_text_color=\u00bb#FFFFFF\u00bb header_2_font_size=\u00bb70px\u00bb header_2_line_height=\u00bb1.7em\u00bb header_4_font=\u00bbOxanium||||||||\u00bb header_4_line_height=\u00bb1.4em\u00bb text_orientation=\u00bbcenter\u00bb module_alignment=\u00bbcenter\u00bb text_font_size_tablet=\u00bb18px\u00bb text_font_size_phone=\u00bb18px\u00bb text_font_size_last_edited=\u00bbon|phone\u00bb header_2_font_size_tablet=\u00bb70px\u00bb header_2_font_size_phone=\u00bb30px\u00bb header_2_font_size_last_edited=\u00bbon|phone\u00bb locked=\u00bboff\u00bb global_colors_info=\u00bb{}\u00bb]<\/p>\n<h2>\u00bfC\u00f3mo usarlo?<\/h2>\n<p style=\"text-align: center;\">Utilizar tu cr\u00e9dito COMPRA PLUS es muy f\u00e1cil. Una vez haz sido seleccionado por tu empresa, inscrito y notificado haz lo siguiente:<\/p>\n<p>[\/et_pb_text][\/et_pb_column][\/et_pb_row][et_pb_row column_structure=\u00bb1_2,1_2&#8243; use_custom_gutter=\u00bbon\u00bb gutter_width=\u00bb4&#8243; _builder_version=\u00bb4.16&#8243; global_colors_info=\u00bb{}\u00bb][et_pb_column type=\u00bb1_2&#8243; _builder_version=\u00bb4.16&#8243; custom_padding=\u00bb|||\u00bb global_colors_info=\u00bb{}\u00bb custom_padding__hover=\u00bb|||\u00bb][et_pb_text _builder_version=\u00bb4.27.4&#8243; text_font=\u00bb||||||||\u00bb text_font_size=\u00bb16px\u00bb text_line_height=\u00bb2em\u00bb header_font=\u00bb||||||||\u00bb header_4_font=\u00bbOxanium||||||||\u00bb header_4_line_height=\u00bb1.4em\u00bb background_layout=\u00bbdark\u00bb max_width=\u00bb700px\u00bb module_alignment=\u00bbcenter\u00bb locked=\u00bboff\u00bb global_colors_info=\u00bb{}\u00bb]<\/p>\n<h4>\u2022 Dir\u00edgete a cualquiera de las sucursales de FORUM Supermayorista.<\/h4>\n<p>[\/et_pb_text][et_pb_text _builder_version=\u00bb4.27.4&#8243; text_font=\u00bb||||||||\u00bb text_font_size=\u00bb16px\u00bb text_line_height=\u00bb2em\u00bb header_font=\u00bb||||||||\u00bb header_4_font=\u00bbOxanium||||||||\u00bb header_4_line_height=\u00bb1.4em\u00bb background_layout=\u00bbdark\u00bb max_width=\u00bb700px\u00bb module_alignment=\u00bbcenter\u00bb locked=\u00bboff\u00bb global_colors_info=\u00bb{}\u00bb]<\/p>\n<h4>\u2022 Al llegar a Caja, identif\u00edcate con tu c\u00e9dula laminada y expresa que quieres utilizar tu COMPRA PLUS. Al terminar el proceso de caja, recibir\u00e1s un mensaje de texto con un c\u00f3digo a tu tel\u00e9fono celular, el cual debes d\u00e1rselo al cajero.<\/h4>\n<p>[\/et_pb_text][et_pb_text _builder_version=\u00bb4.27.4&#8243; text_font=\u00bb||||||||\u00bb text_font_size=\u00bb16px\u00bb text_line_height=\u00bb2em\u00bb header_font=\u00bb||||||||\u00bb header_4_font=\u00bbOxanium||||||||\u00bb header_4_line_height=\u00bb1.4em\u00bb background_layout=\u00bbdark\u00bb max_width=\u00bb700px\u00bb module_alignment=\u00bbcenter\u00bb locked=\u00bboff\u00bb global_colors_info=\u00bb{}\u00bb]<\/p>\n<h4>\u2022 Listo, disfruta de tu compra.<\/h4>\n<p>[\/et_pb_text][\/et_pb_column][et_pb_column type=\u00bb1_2&#8243; _builder_version=\u00bb4.16&#8243; custom_padding=\u00bb|||\u00bb global_colors_info=\u00bb{}\u00bb custom_padding__hover=\u00bb|||\u00bb][et_pb_text _builder_version=\u00bb4.27.4&#8243; text_font=\u00bb||||||||\u00bb text_font_size=\u00bb16px\u00bb text_line_height=\u00bb2em\u00bb header_font=\u00bb||||||||\u00bb header_4_font=\u00bbOxanium||||||||\u00bb header_4_line_height=\u00bb1.4em\u00bb background_layout=\u00bbdark\u00bb max_width=\u00bb700px\u00bb module_alignment=\u00bbcenter\u00bb locked=\u00bboff\u00bb global_colors_info=\u00bb{}\u00bb]<\/p>\n<h4>\u2022 Haz tu compra con normalidad y escoge cualquier caja de la sucursal.<\/h4>\n<p>[\/et_pb_text][et_pb_text _builder_version=\u00bb4.27.4&#8243; text_font=\u00bb||||||||\u00bb text_font_size=\u00bb16px\u00bb text_line_height=\u00bb2em\u00bb header_font=\u00bb||||||||\u00bb header_4_font=\u00bbOxanium||||||||\u00bb header_4_line_height=\u00bb1.4em\u00bb background_layout=\u00bbdark\u00bb max_width=\u00bb700px\u00bb module_alignment=\u00bbcenter\u00bb locked=\u00bboff\u00bb global_colors_info=\u00bb{}\u00bb]<\/p>\n<h4>\u2022 El te dar\u00e1 la aprobaci\u00f3n y entregar\u00e1 tu factura fiscal, con la cual puedes proceder con tu compra por la salida.<\/h4>\n<p>[\/et_pb_text][\/et_pb_column][\/et_pb_row][\/et_pb_section]<\/p>\n","protected":false},"excerpt":{"rendered":"<p><div class=\"et_pb_module revslider_divi revslider_divi_0\">\n\t\t\t\t\n\t\t\t\t\n\t\t\t\t\n\t\t\t\t\n\t\t\t\t\n\t\t\t\t\n\t\t\t\t<div class=\"et_pb_module_inner\">\n\t\t\t\t\t\n\t\t\t\t<p class=\"rs-p-wp-fix\"><\/p>\n\t\t\t\t<sr7-module data-alias=\"Mecha-Sci-Fi-Showcase-Slider\" data-id=\"5\" id=\"SR7_5_1\" class=\"rs-respect-topbar rs-ov-hidden\" data-version=\"6.7.25\">\n\t\t\t\t\t<sr7-adjuster><\/sr7-adjuster>\n\t\t\t\t\t<sr7-content>\n\t\t\t\t\t\t<sr7-slide id=\"SR7_5_1-9\" data-key=\"9\">\n\t\t\t\t\t\t\t<sr7-txt id=\"SR7_5_1-9-3\" class=\"sr7-layer\">Compra Plus es una innovadora soluci\u00f3n que te permite adquirir los productos que deseas sin necesidad de un pago inicial.<\/sr7-txt>\n\t\t\t\t\t\t\t<sr7-txt id=\"SR7_5_1-9-4\" class=\"sr7-layer\">Sobre el producto<\/sr7-txt>\n\t\t\t\t\t\t\t<sr7-txt id=\"SR7_5_1-9-8\" class=\"sr7-layer\">COMPRA PLUS Es un producto innovador de financiamiento al consumo, el cual puede ser utilizado para realizar tus compras en Forum Supermayorista y pagar a plazos. Este posee las siguientes caracter\u00edsticas.<\/sr7-txt>\n\t\t\t\t\t\t\t<sr7-txt id=\"SR7_5_1-9-13\" class=\"sr7-layer\">Producto sin inicial.<\/sr7-txt>\n\t\t\t\t\t\t\t<sr7-txt id=\"SR7_5_1-9-16\" class=\"sr7-layer\">Plazo de pago sin intereses hasta por 30 d\u00edas, mediante el d\u00e9bito a n\u00f3mina en 2 cuotas quincenales.<\/sr7-txt>\n\t\t\t\t\t\t\t<sr7-txt id=\"SR7_5_1-9-17\" class=\"sr7-layer\">Pago diferido quincenal<\/sr7-txt>\n\t\t\t\t\t\t\t<sr7-txt id=\"SR7_5_1-9-19\" class=\"sr7-layer\">Aprobaci\u00f3n y activaci\u00f3n inmediata al ser empleado de la Empresa Aliada.<\/sr7-txt>\n\t\t\t\t\t\t\t<sr7-txt id=\"SR7_5_1-9-20\" class=\"sr7-layer\">Cuenta activa al instante<\/sr7-txt>\n\t\t\t\t\t\t\t<sr7-txt id=\"SR7_5_1-9-22\" class=\"sr7-layer\">Los beneficiados podr\u00e1n complementar su capacidad de comprar cualquiera de los productos que necesitan a diario o para una ocasi\u00f3n especial.<\/sr7-txt>\n\t\t\t\t\t\t\t<sr7-txt id=\"SR7_5_1-9-23\" class=\"sr7-layer\">Compras m\u00e1s accesibles<\/sr7-txt>\n\t\t\t\t\t\t<\/sr7-slide>\n\t\t\t\t\t\t<sr7-slide id=\"SR7_5_1-10\" data-key=\"10\">\n\t\t\t\t\t\t\t<sr7-txt id=\"SR7_5_1-10-3\" class=\"sr7-layer\">Al comprar en FORUM siguen ahorrando, ya que disfrutar\u00e1n de la pol\u00edtica de descuentos permanente que va del 4 al 12% en las categor\u00edas.<\/sr7-txt>\n\t\t\t\t\t\t\t<sr7-txt id=\"SR7_5_1-10-4\" class=\"sr7-layer\">Sobre el producto<\/sr7-txt>\n\t\t\t\t\t\t\t<sr7-txt id=\"SR7_5_1-10-8\" class=\"sr7-layer\">COMPRA PLUS Es un producto innovador de cr\u00e9dito al consumo, el cual puede ser utilizado para realizar tus compras en Forum Supermayorista a cr\u00e9dito ,el cual posee las siguientes caracter\u00edsticas.<\/sr7-txt>\n\t\t\t\t\t\t\t<sr7-txt id=\"SR7_5_1-10-13\" class=\"sr7-layer\">Descuentos garantizados<\/sr7-txt>\n\t\t\t\t\t\t\t<sr7-txt id=\"SR7_5_1-10-16\" class=\"sr7-layer\">Los usuarios pueden consultar su saldo y consumos en nuestro portal web www.compraplusve.com.<\/sr7-txt>\n\t\t\t\t\t\t\t<sr7-txt id=\"SR7_5_1-10-17\" class=\"sr7-layer\">Consulta tu saldo<\/sr7-txt>\n\t\t\t\t\t\t\t<sr7-txt id=\"SR7_5_1-10-19\" class=\"sr7-layer\">Es un beneficio laboral, para el talento humano de nuestros Aliados.<\/sr7-txt>\n\t\t\t\t\t\t\t<sr7-txt id=\"SR7_5_1-10-20\" class=\"sr7-layer\">Para nuestros aliados<\/sr7-txt>\n\t\t\t\t\t\t\t<sr7-txt id=\"SR7_5_1-10-22\" class=\"sr7-layer\">\u2022\tFacil, Pr\u00e1ctico y Seguro en su uso.<\/sr7-txt>\n\t\t\t\t\t\t\t<sr7-txt id=\"SR7_5_1-10-23\" class=\"sr7-layer\">confiable<\/sr7-txt>\n\t\t\t\t\t\t<\/sr7-slide>\n\t\t\t\t\t\t<sr7-slide id=\"SR7_5_1-11\" data-key=\"11\">\n\t\t\t\t\t\t<\/sr7-slide>\n\t\t\t\t\t<\/sr7-content>\n\t\t\t\t\t<image_lists style=\"display:none\">\n\t\t\t\t\t\t<img data-src=\"\/\/compraplusve.com\/wp-content\/uploads\/revslider\/Mecha-Sci-Fi-Showcase-Slider\/Sin-titulo-Tu-historia.png\" data-libid=\"47\" data-lib=\"medialibrary\" title=\"Sin-titulo-Tu-historia.png\" width=\"0\" height=\"0\" data-dbsrc=\"Ly9jb21wcmFwbHVzdmUuY29tL3dwLWNvbnRlbnQvdXBsb2Fkcy9yZXZzbGlkZXIvTWVjaGEtU2NpLUZpLVNob3djYXNlLVNsaWRlci9TaW4tdGl0dWxvLVR1LWhpc3RvcmlhLnBuZw==\"\/>\n\t\t\t\t\t\t<img data-src=\"\/\/compraplusve.com\/wp-content\/uploads\/revslider\/Mecha-Sci-Fi-Showcase-Slider\/plus-compra.png\" data-libid=\"48\" data-lib=\"medialibrary\" title=\"plus-compra.png\" width=\"0\" height=\"0\" data-dbsrc=\"Ly9jb21wcmFwbHVzdmUuY29tL3dwLWNvbnRlbnQvdXBsb2Fkcy9yZXZzbGlkZXIvTWVjaGEtU2NpLUZpLVNob3djYXNlLVNsaWRlci9wbHVzLWNvbXByYS5wbmc=\"\/>\n\t\t\t\t\t\t<img data-src=\"\/\/compraplusve.com\/wp-content\/uploads\/revslider\/app-showcase\/Recurso-1.png\" data-libid=\"15\" title=\"Recurso-1.png\" width=\"0\" height=\"0\" data-dbsrc=\"Ly9jb21wcmFwbHVzdmUuY29tL3dwLWNvbnRlbnQvdXBsb2Fkcy9yZXZzbGlkZXIvYXBwLXNob3djYXNlL1JlY3Vyc28tMS5wbmc=\"\/>\n\t\t\t\t\t\t<img data-src=\"\/\/compraplusve.com\/wp-content\/uploads\/revslider\/app-showcase\/Recurso-2.png\" data-libid=\"16\" title=\"Recurso-2.png\" width=\"0\" height=\"0\" data-dbsrc=\"Ly9jb21wcmFwbHVzdmUuY29tL3dwLWNvbnRlbnQvdXBsb2Fkcy9yZXZzbGlkZXIvYXBwLXNob3djYXNlL1JlY3Vyc28tMi5wbmc=\"\/>\n\t\t\t\t\t\t<img data-src=\"\/\/compraplusve.com\/wp-content\/uploads\/revslider\/app-showcase\/Recurso-3.png\" data-libid=\"17\" title=\"Recurso-3.png\" width=\"0\" height=\"0\" data-dbsrc=\"Ly9jb21wcmFwbHVzdmUuY29tL3dwLWNvbnRlbnQvdXBsb2Fkcy9yZXZzbGlkZXIvYXBwLXNob3djYXNlL1JlY3Vyc28tMy5wbmc=\"\/>\n\t\t\t\t\t\t<img data-src=\"\/\/compraplusve.com\/wp-content\/uploads\/revslider\/app-showcase\/Recurso-4.png\" data-libid=\"18\" title=\"Recurso-4.png\" width=\"0\" height=\"0\" data-dbsrc=\"Ly9jb21wcmFwbHVzdmUuY29tL3dwLWNvbnRlbnQvdXBsb2Fkcy9yZXZzbGlkZXIvYXBwLXNob3djYXNlL1JlY3Vyc28tNC5wbmc=\"\/>\n\t\t\t\t\t\t<img data-src=\"\/\/compraplusve.com\/wp-content\/uploads\/revslider\/Mecha-Sci-Fi-Showcase-Slider\/logo.png\" data-libid=\"53\" data-lib=\"medialibrary\" title=\"logo.png\" width=\"0\" height=\"0\" data-dbsrc=\"Ly9jb21wcmFwbHVzdmUuY29tL3dwLWNvbnRlbnQvdXBsb2Fkcy9yZXZzbGlkZXIvTWVjaGEtU2NpLUZpLVNob3djYXNlLVNsaWRlci9sb2dvLnBuZw==\"\/>\n\t\t\t\t\t\t<img data-src=\"\/\/compraplusve.com\/wp-content\/uploads\/revslider\/Mecha-Sci-Fi-Showcase-Slider\/Sin-titulo-Tu-historia-1-1.png\" data-libid=\"54\" data-lib=\"medialibrary\" title=\"Sin-titulo-Tu-historia-1-1.png\" width=\"0\" height=\"0\" data-dbsrc=\"Ly9jb21wcmFwbHVzdmUuY29tL3dwLWNvbnRlbnQvdXBsb2Fkcy9yZXZzbGlkZXIvTWVjaGEtU2NpLUZpLVNob3djYXNlLVNsaWRlci9TaW4tdGl0dWxvLVR1LWhpc3RvcmlhLTEtMS5wbmc=\"\/>\n\t\t\t\t\t\t<img data-src=\"\/\/compraplusve.com\/wp-content\/uploads\/revslider\/app-showcase\/Recurso-5.png\" data-libid=\"19\" title=\"Recurso-5.png\" width=\"0\" height=\"0\" data-dbsrc=\"Ly9jb21wcmFwbHVzdmUuY29tL3dwLWNvbnRlbnQvdXBsb2Fkcy9yZXZzbGlkZXIvYXBwLXNob3djYXNlL1JlY3Vyc28tNS5wbmc=\"\/>\n\t\t\t\t\t\t<img data-src=\"\/\/compraplusve.com\/wp-content\/uploads\/revslider\/app-showcase\/Recurso-6.png\" data-libid=\"20\" title=\"Recurso-6.png\" width=\"0\" height=\"0\" data-dbsrc=\"Ly9jb21wcmFwbHVzdmUuY29tL3dwLWNvbnRlbnQvdXBsb2Fkcy9yZXZzbGlkZXIvYXBwLXNob3djYXNlL1JlY3Vyc28tNi5wbmc=\"\/>\n\t\t\t\t\t<\/image_lists>\n\t\t\t\t<\/sr7-module>\n\t\t\t\t<script>\n\t\t\t\t\tSR7.PMH ??={}; SR7.PMH[\"SR7_5_1\"] = {cn:100,state:false,fn: function() { if (_tpt!==undefined && _tpt.prepareModuleHeight !== undefined) {  _tpt.prepareModuleHeight({id:\"SR7_5_1\",el:[900,900,900,960,720],type:'standard',shdw:'0',gh:[900,900,900,960,720],gw:[1240,1240,1240,778,480],vpt:['-100px&#039;,&#039;-100px&#039;,&#039;-100px&#039;,&#039;-100px&#039;,&#039;-100px'],size:{fullWidth:true, fullHeight:true},fho:'#masthead,',mh:'0',onh:0,onw:0,bg:{color:'{\"type\":\"solid\",\"orig\":\"#000000\",\"string\":\"rgba(0, 0, 0, 1)\"}'}});   SR7.PMH[\"SR7_5_1\"].state=true;} else if(SR7.PMH[\"SR7_5_1\"].cn-->0)\tsetTimeout( SR7.PMH[\"SR7_5_1\"].fn,19);}};SR7.PMH[\"SR7_5_1\" ].fn();\n\t\t\t\t<\/script>\n\n\t\t\t\t<\/div>\n\t\t\t<\/div>\u00bfC\u00f3mo afiliarse? Afiliarse a COMPRA PLUS es muy f\u00e1cil. Si eres una empresa y deseas beneficiar a tu fuerza laboral con este innovador beneficio, puedes contactarnos y en un proceso r\u00e1pido y sencillo de 15 d\u00edas aproximadamente podemos otorgarle una l\u00ednea de financiamiento a [&hellip;]<\/p>\n","protected":false},"author":1,"featured_media":0,"parent":0,"menu_order":0,"comment_status":"closed","ping_status":"closed","template":"","meta":{"_et_pb_use_builder":"on","_et_pb_old_content":"","_et_gb_content_width":"","footnotes":""},"class_list":["post-56","page","type-page","status-publish","hentry"],"_links":{"self":[{"href":"https:\/\/compraplusve.com\/index.php\/wp-json\/wp\/v2\/pages\/56","targetHints":{"allow":["GET"]}}],"collection":[{"href":"https:\/\/compraplusve.com\/index.php\/wp-json\/wp\/v2\/pages"}],"about":[{"href":"https:\/\/compraplusve.com\/index.php\/wp-json\/wp\/v2\/types\/page"}],"author":[{"embeddable":true,"href":"https:\/\/compraplusve.com\/index.php\/wp-json\/wp\/v2\/users\/1"}],"replies":[{"embeddable":true,"href":"https:\/\/compraplusve.com\/index.php\/wp-json\/wp\/v2\/comments?post=56"}],"version-history":[{"count":4,"href":"https:\/\/compraplusve.com\/index.php\/wp-json\/wp\/v2\/pages\/56\/revisions"}],"predecessor-version":[{"id":69,"href":"https:\/\/compraplusve.com\/index.php\/wp-json\/wp\/v2\/pages\/56\/revisions\/69"}],"wp:attachment":[{"href":"https:\/\/compraplusve.com\/index.php\/wp-json\/wp\/v2\/media?parent=56"}],"curies":[{"name":"wp","href":"https:\/\/api.w.org\/{rel}","templated":true}]}}