{"id":27,"date":"2025-01-27T11:59:07","date_gmt":"2025-01-27T11:59:07","guid":{"rendered":"https:\/\/compraplusve.com\/?page_id=27"},"modified":"2025-01-27T14:42:42","modified_gmt":"2025-01-27T14:42:42","slug":"inicio","status":"publish","type":"page","link":"https:\/\/compraplusve.com\/","title":{"rendered":"Inicio"},"content":{"rendered":"<p>[et_pb_section fb_built=\u00bb1&#8243; _builder_version=\u00bb4.27.4&#8243; _module_preset=\u00bbdefault\u00bb custom_margin=\u00bb0px||0px||true|false\u00bb custom_padding=\u00bb0px||0px||true|false\u00bb global_colors_info=\u00bb{}\u00bb][et_pb_row _builder_version=\u00bb4.27.4&#8243; _module_preset=\u00bbdefault\u00bb custom_margin=\u00bb0px||0px||true|false\u00bb custom_padding=\u00bb0px||0px||true|false\u00bb global_colors_info=\u00bb{}\u00bb][et_pb_column type=\u00bb4_4&#8243; _builder_version=\u00bb4.27.4&#8243; _module_preset=\u00bbdefault\u00bb global_colors_info=\u00bb{}\u00bb][revslider_divi revslider_divi=\u00bb%91rev_slider alias=%22slider-with-illustrations1%22 slidertitle=%22Slider With Illustrations1%22%93%91\/rev_slider%93&#8243; _builder_version=\u00bb4.27.4&#8243; _module_preset=\u00bbdefault\u00bb global_colors_info=\u00bb{}\u00bb][\/revslider_divi][\/et_pb_column][\/et_pb_row][\/et_pb_section][et_pb_section fb_built=\u00bb1&#8243; _builder_version=\u00bb4.27.4&#8243; _module_preset=\u00bbdefault\u00bb custom_margin=\u00bb0px||0px||true|false\u00bb custom_padding=\u00bb0px||0px||true|false\u00bb global_colors_info=\u00bb{}\u00bb][et_pb_row _builder_version=\u00bb4.27.4&#8243; _module_preset=\u00bbdefault\u00bb custom_margin=\u00bb0px||0px||true|false\u00bb custom_padding=\u00bb0px||0px||true|false\u00bb global_colors_info=\u00bb{}\u00bb][et_pb_column type=\u00bb4_4&#8243; _builder_version=\u00bb4.27.4&#8243; _module_preset=\u00bbdefault\u00bb global_colors_info=\u00bb{}\u00bb][revslider_divi revslider_divi=\u00bb%91rev_slider alias=%22Modern-Web-Agency-Brands%22 slidertitle=%22Modern Web Agency Brands%22%93%91\/rev_slider%93&#8243; _builder_version=\u00bb4.27.4&#8243; _module_preset=\u00bbdefault\u00bb global_colors_info=\u00bb{}\u00bb][\/revslider_divi][\/et_pb_column][\/et_pb_row][\/et_pb_section][et_pb_section fb_built=\u00bb1&#8243; _builder_version=\u00bb4.27.4&#8243; _module_preset=\u00bbdefault\u00bb custom_margin=\u00bb0px||0px||true|false\u00bb custom_padding=\u00bb0px||0px||true|false\u00bb hover_enabled=\u00bb0&#8243; global_colors_info=\u00bb{}\u00bb background_color=\u00bb#ed6f21&#8243; sticky_enabled=\u00bb0&#8243;][et_pb_row _builder_version=\u00bb4.27.4&#8243; _module_preset=\u00bbdefault\u00bb custom_margin=\u00bb0px||0px||true|false\u00bb custom_padding=\u00bb0px||0px||true|false\u00bb global_colors_info=\u00bb{}\u00bb][et_pb_column type=\u00bb4_4&#8243; _builder_version=\u00bb4.27.4&#8243; _module_preset=\u00bbdefault\u00bb global_colors_info=\u00bb{}\u00bb][revslider_divi revslider_divi=\u00bb%91rev_slider alias=%22app-showcase%22 slidertitle=%22App Showcase%22%93%91\/rev_slider%93&#8243; _builder_version=\u00bb4.27.4&#8243; _module_preset=\u00bbdefault\u00bb global_colors_info=\u00bb{}\u00bb][\/revslider_divi][\/et_pb_column][\/et_pb_row][\/et_pb_section]<\/p>\n","protected":false},"excerpt":{"rendered":"<p><div class=\"et_pb_module revslider_divi revslider_divi_0\">\n\t\t\t\t\n\t\t\t\t\n\t\t\t\t\n\t\t\t\t\n\t\t\t\t\n\t\t\t\t\n\t\t\t\t<div class=\"et_pb_module_inner\">\n\t\t\t\t\t\n\t\t\t\t<p class=\"rs-p-wp-fix\"><\/p>\n\t\t\t\t<sr7-module data-alias=\"slider-with-illustrations1\" data-id=\"1\" id=\"SR7_1_1\" class=\"rs-ov-hidden\" data-version=\"6.7.25\">\n\t\t\t\t\t<sr7-adjuster><\/sr7-adjuster>\n\t\t\t\t\t<sr7-content>\n\t\t\t\t\t\t<sr7-slide id=\"SR7_1_1-1\" data-key=\"1\">\n\t\t\t\t\t\t\t<h2 id=\"SR7_1_1-1-4\" class=\"sr7-layer\">Paga a plazos y sin intereses<\/h2>\n\t\t\t\t\t\t\t<p id=\"SR7_1_1-1-5\" class=\"sr7-layer\">COMPRA PLUS es un producto innovador de financiamiento al consumo, el cual puede ser utilizado para realizar tus compras en Forum Supermayorista y pagar a plazos.<\/p>\n\t\t\t\t\t\t\t<a id=\"SR7_1_1-1-8\" class=\"sr7-layer\" href=\"https:\/\/compraplusve.com\/index.php\/nosotros\/\" target=\"_self\" rel=\"nofollow\">Ver m\u00e1s<\/a>\n\t\t\t\t\t\t<\/sr7-slide>\n\t\t\t\t\t\t<sr7-slide id=\"SR7_1_1-2\" data-key=\"2\">\n\t\t\t\t\t\t<\/sr7-slide>\n\t\t\t\t\t<\/sr7-content>\n\t\t\t\t\t<image_lists style=\"display:none\">\n\t\t\t\t\t\t<img data-src=\"\/\/compraplusve.com\/wp-content\/uploads\/2025\/01\/celwebcp.png\" data-libid=\"74\" data-lib=\"medialibrary\" title=\"celwebcp\" width=\"0\" height=\"0\" data-dbsrc=\"Ly9jb21wcmFwbHVzdmUuY29tL3dwLWNvbnRlbnQvdXBsb2Fkcy8yMDI1LzAxL2NlbHdlYmNwLnBuZw==\"\/>\n\t\t\t\t\t<\/image_lists>\n\t\t\t\t<\/sr7-module>\n\t\t\t\t<script>\n\t\t\t\t\tSR7.PMH ??={}; SR7.PMH[\"SR7_1_1\"] = {cn:100,state:false,fn: function() { if (_tpt!==undefined && _tpt.prepareModuleHeight !== undefined) {  _tpt.prepareModuleHeight({id:\"SR7_1_1\",el:[650,650,550,500,756],type:'standard',shdw:'0',gh:[650,650,550,500,650],gw:[1240,1240,1024,778,480],vpt:['-100px&#039;,&#039;-100px&#039;,&#039;-100px&#039;,&#039;-100px&#039;,&#039;-100px'],size:{fullWidth:true, fullHeight:false},mh:'0',onh:0,onw:0,bg:{color:'{\"orig\":\"transparent\",\"type\":\"solid\",\"string\":\"transparent\"}'},plType:'5',plColor:'#FFFFFF'});   SR7.PMH[\"SR7_1_1\"].state=true;} else if(SR7.PMH[\"SR7_1_1\"].cn-->0)\tsetTimeout( SR7.PMH[\"SR7_1_1\"].fn,19);}};SR7.PMH[\"SR7_1_1\" ].fn();\n\t\t\t\t<\/script>\n\n\t\t\t\t<\/div>\n\t\t\t<\/div><div class=\"et_pb_module revslider_divi revslider_divi_1\">\n\t\t\t\t\n\t\t\t\t\n\t\t\t\t\n\t\t\t\t\n\t\t\t\t\n\t\t\t\t\n\t\t\t\t<div class=\"et_pb_module_inner\">\n\t\t\t\t\t\n\t\t\t\t<p class=\"rs-p-wp-fix\"><\/p>\n\t\t\t\t<sr7-module data-alias=\"Modern-Web-Agency-Brands\" data-id=\"2\" id=\"about\" class=\"rs-ov-hidden\" data-version=\"6.7.25\">\n\t\t\t\t\t<sr7-adjuster><\/sr7-adjuster>\n\t\t\t\t\t<sr7-content>\n\t\t\t\t\t\t<sr7-slide id=\"about-3\" data-key=\"3\">\n\t\t\t\t\t\t\t<sr7-txt id=\"about-3-1\" class=\"sr7-layer\">Unimos fuerzas para crecer juntos. Nuestras alianzas estrat\u00e9gicas nos permiten ofrecer un valor agregado a nuestros clientes y fortalecer nuestra posici\u00f3n en el mercado.<\/sr7-txt>\n\t\t\t\t\t\t\t<sr7-txt id=\"about-3-2\" class=\"sr7-layer\">Nuestros aliados<\/sr7-txt>\n\t\t\t\t\t\t<\/sr7-slide>\n\t\t\t\t\t\t<sr7-slide id=\"about-4\" data-key=\"4\">\n\t\t\t\t\t\t<\/sr7-slide>\n\t\t\t\t\t<\/sr7-content>\n\t\t\t\t\t<image_lists style=\"display:none\">\n\t\t\t\t\t\t<img data-src=\"\/\/compraplusve.com\/wp-content\/uploads\/revslider\/Modern-Web-Agency-Brands\/Forum_LOGO-3.png\" data-libid=\"10\" title=\"Forum_LOGO-3.png\" width=\"0\" height=\"0\" data-dbsrc=\"Ly9jb21wcmFwbHVzdmUuY29tL3dwLWNvbnRlbnQvdXBsb2Fkcy9yZXZzbGlkZXIvTW9kZXJuLVdlYi1BZ2VuY3ktQnJhbmRzL0ZvcnVtX0xPR08tMy5wbmc=\"\/>\n\t\t\t\t\t\t<img data-src=\"\/\/compraplusve.com\/wp-content\/uploads\/revslider\/Modern-Web-Agency-Brands\/compra-plus.png\" data-libid=\"11\" title=\"compra-plus.png\" width=\"0\" height=\"0\" data-dbsrc=\"Ly9jb21wcmFwbHVzdmUuY29tL3dwLWNvbnRlbnQvdXBsb2Fkcy9yZXZzbGlkZXIvTW9kZXJuLVdlYi1BZ2VuY3ktQnJhbmRzL2NvbXByYS1wbHVzLnBuZw==\"\/>\n\t\t\t\t\t\t<img data-src=\"\/\/compraplusve.com\/wp-content\/uploads\/revslider\/Modern-Web-Agency-Brands\/caja-caracas.png\" data-libid=\"12\" title=\"caja-caracas.png\" width=\"0\" height=\"0\" data-dbsrc=\"Ly9jb21wcmFwbHVzdmUuY29tL3dwLWNvbnRlbnQvdXBsb2Fkcy9yZXZzbGlkZXIvTW9kZXJuLVdlYi1BZ2VuY3ktQnJhbmRzL2NhamEtY2FyYWNhcy5wbmc=\"\/>\n\t\t\t\t\t<\/image_lists>\n\t\t\t\t<\/sr7-module>\n\t\t\t\t<script>\n\t\t\t\t\tSR7.PMH ??={}; SR7.PMH[\"about\"] = {cn:100,state:false,fn: function() { if (_tpt!==undefined && _tpt.prepareModuleHeight !== undefined) {  _tpt.prepareModuleHeight({id:\"about\",el:[600,600,500,450,500],type:'hero',shdw:'0',gh:[600,600,500,450,500],gw:[1240,1240,1024,778,480],vpt:['250px&#039;,&#039;250px&#039;,&#039;250px&#039;,&#039;250px&#039;,&#039;250px'],size:{fullWidth:true, fullHeight:false},mh:'0',onh:0,onw:0,bg:{color:'{\"type\":\"solid\",\"orig\":\"#ffffff\",\"string\":\"rgba(255, 255, 255, 1)\"}'}});   SR7.PMH[\"about\"].state=true;} else if(SR7.PMH[\"about\"].cn-->0)\tsetTimeout( SR7.PMH[\"about\"].fn,19);}};SR7.PMH[\"about\" ].fn();\n\t\t\t\t<\/script>\n\n\t\t\t\t<\/div>\n\t\t\t<\/div><div class=\"et_pb_module revslider_divi revslider_divi_2\">\n\t\t\t\t\n\t\t\t\t\n\t\t\t\t\n\t\t\t\t\n\t\t\t\t\n\t\t\t\t\n\t\t\t\t<div class=\"et_pb_module_inner\">\n\t\t\t\t\t\n\t\t\t\t<p class=\"rs-p-wp-fix\"><\/p>\n\t\t\t\t<sr7-module data-alias=\"app-showcase\" data-id=\"3\" id=\"SR7_3_3\" class=\"rs-ov-hidden\" data-version=\"6.7.25\">\n\t\t\t\t\t<sr7-adjuster><\/sr7-adjuster>\n\t\t\t\t\t<sr7-content>\n\t\t\t\t\t\t<sr7-slide id=\"SR7_3_3-5\" data-key=\"5\">\n\t\t\t\t\t\t\t<sr7-txt id=\"SR7_3_3-5-4\" class=\"sr7-layer\">Producto sin inicial.<\/sr7-txt>\n\t\t\t\t\t\t\t<sr7-txt id=\"SR7_3_3-5-7\" class=\"sr7-layer\">01<\/sr7-txt>\n\t\t\t\t\t\t\t<sr7-txt id=\"SR7_3_3-5-12\" class=\"sr7-layer\">Aprobaci\u00f3n y activaci\u00f3n inmediata al ser empleado de la Empresa Aliada.<\/sr7-txt>\n\t\t\t\t\t\t\t<sr7-txt id=\"SR7_3_3-5-14\" class=\"sr7-layer\">02<\/sr7-txt>\n\t\t\t\t\t\t\t<sr7-txt id=\"SR7_3_3-5-18\" class=\"sr7-layer\">Plazo de pago sin intereses hasta por 30 d\u00edas, mediante el d\u00e9bito a n\u00f3mina en 2 cuotas quincenales.<\/sr7-txt>\n\t\t\t\t\t\t\t<sr7-txt id=\"SR7_3_3-5-20\" class=\"sr7-layer\">03<\/sr7-txt>\n\t\t\t\t\t\t\t<sr7-txt id=\"SR7_3_3-5-30\" class=\"sr7-layer\">Los beneficiados podr\u00e1n complementar su capacidad de comprar cualquiera de los productos que necesitan a diario o para una ocasi\u00f3n especial.ctos<\/sr7-txt>\n\t\t\t\t\t\t\t<sr7-txt id=\"SR7_3_3-5-32\" class=\"sr7-layer\">04<\/sr7-txt>\n\t\t\t\t\t\t\t<sr7-txt id=\"SR7_3_3-5-36\" class=\"sr7-layer\">Al comprar en FORUM siguen ahorrando, ya que disfrutar\u00e1n de la pol\u00edtica de descuentos permanente que va del 4 al 12% en las categor\u00edas<\/sr7-txt>\n\t\t\t\t\t\t\t<sr7-txt id=\"SR7_3_3-5-38\" class=\"sr7-layer\">05<\/sr7-txt>\n\t\t\t\t\t\t\t<sr7-txt id=\"SR7_3_3-5-42\" class=\"sr7-layer\">Es un beneficio laboral, para el talento humano de nuestros Aliados.<\/sr7-txt>\n\t\t\t\t\t\t\t<sr7-txt id=\"SR7_3_3-5-44\" class=\"sr7-layer\">06<\/sr7-txt>\n\t\t\t\t\t\t<\/sr7-slide>\n\t\t\t\t\t\t<sr7-slide id=\"SR7_3_3-6\" data-key=\"6\">\n\t\t\t\t\t\t<\/sr7-slide>\n\t\t\t\t\t<\/sr7-content>\n\t\t\t\t\t<image_lists style=\"display:none\">\n\t\t\t\t\t\t<img data-src=\"\/\/compraplusve.com\/wp-content\/uploads\/revslider\/app-showcase\/iphone-mocup.png\" data-libid=\"13\" data-lib=\"medialibrary\" title=\"iphone-mocup.png\" width=\"0\" height=\"0\" data-dbsrc=\"Ly9jb21wcmFwbHVzdmUuY29tL3dwLWNvbnRlbnQvdXBsb2Fkcy9yZXZzbGlkZXIvYXBwLXNob3djYXNlL2lwaG9uZS1tb2N1cC5wbmc=\"\/>\n\t\t\t\t\t\t<img data-src=\"\/\/compraplusve.com\/wp-content\/uploads\/2025\/01\/compra-plus-cel.png\" data-libid=\"40\" data-lib=\"medialibrary\" title=\"compra plus cel\" width=\"0\" height=\"0\" data-dbsrc=\"Ly9jb21wcmFwbHVzdmUuY29tL3dwLWNvbnRlbnQvdXBsb2Fkcy8yMDI1LzAxL2NvbXByYS1wbHVzLWNlbC5wbmc=\"\/>\n\t\t\t\t\t\t<img data-src=\"\/\/compraplusve.com\/wp-content\/uploads\/revslider\/app-showcase\/Recurso-1.png\" data-libid=\"15\" title=\"Recurso-1.png\" width=\"0\" height=\"0\" data-dbsrc=\"Ly9jb21wcmFwbHVzdmUuY29tL3dwLWNvbnRlbnQvdXBsb2Fkcy9yZXZzbGlkZXIvYXBwLXNob3djYXNlL1JlY3Vyc28tMS5wbmc=\"\/>\n\t\t\t\t\t\t<img data-src=\"\/\/compraplusve.com\/wp-content\/uploads\/revslider\/app-showcase\/Recurso-2.png\" data-libid=\"16\" title=\"Recurso-2.png\" width=\"0\" height=\"0\" data-dbsrc=\"Ly9jb21wcmFwbHVzdmUuY29tL3dwLWNvbnRlbnQvdXBsb2Fkcy9yZXZzbGlkZXIvYXBwLXNob3djYXNlL1JlY3Vyc28tMi5wbmc=\"\/>\n\t\t\t\t\t\t<img data-src=\"\/\/compraplusve.com\/wp-content\/uploads\/revslider\/app-showcase\/Recurso-3.png\" data-libid=\"17\" title=\"Recurso-3.png\" width=\"0\" height=\"0\" data-dbsrc=\"Ly9jb21wcmFwbHVzdmUuY29tL3dwLWNvbnRlbnQvdXBsb2Fkcy9yZXZzbGlkZXIvYXBwLXNob3djYXNlL1JlY3Vyc28tMy5wbmc=\"\/>\n\t\t\t\t\t\t<img data-src=\"\/\/compraplusve.com\/wp-content\/uploads\/revslider\/app-showcase\/Recurso-4.png\" data-libid=\"18\" title=\"Recurso-4.png\" width=\"0\" height=\"0\" data-dbsrc=\"Ly9jb21wcmFwbHVzdmUuY29tL3dwLWNvbnRlbnQvdXBsb2Fkcy9yZXZzbGlkZXIvYXBwLXNob3djYXNlL1JlY3Vyc28tNC5wbmc=\"\/>\n\t\t\t\t\t\t<img data-src=\"\/\/compraplusve.com\/wp-content\/uploads\/revslider\/app-showcase\/Recurso-5.png\" data-libid=\"19\" title=\"Recurso-5.png\" width=\"0\" height=\"0\" data-dbsrc=\"Ly9jb21wcmFwbHVzdmUuY29tL3dwLWNvbnRlbnQvdXBsb2Fkcy9yZXZzbGlkZXIvYXBwLXNob3djYXNlL1JlY3Vyc28tNS5wbmc=\"\/>\n\t\t\t\t\t\t<img data-src=\"\/\/compraplusve.com\/wp-content\/uploads\/revslider\/app-showcase\/Recurso-6.png\" data-libid=\"20\" title=\"Recurso-6.png\" width=\"0\" height=\"0\" data-dbsrc=\"Ly9jb21wcmFwbHVzdmUuY29tL3dwLWNvbnRlbnQvdXBsb2Fkcy9yZXZzbGlkZXIvYXBwLXNob3djYXNlL1JlY3Vyc28tNi5wbmc=\"\/>\n\t\t\t\t\t\t<img data-src=\"\/\/compraplusve.com\/wp-content\/uploads\/revslider\/app-showcase\/mas-1.png\" data-libid=\"21\" data-lib=\"medialibrary\" title=\"mas-1.png\" width=\"0\" height=\"0\" data-dbsrc=\"Ly9jb21wcmFwbHVzdmUuY29tL3dwLWNvbnRlbnQvdXBsb2Fkcy9yZXZzbGlkZXIvYXBwLXNob3djYXNlL21hcy0xLnBuZw==\"\/>\n\t\t\t\t\t\t<img data-src=\"\/\/compraplusve.com\/wp-content\/uploads\/revslider\/app-showcase\/mas-2.png\" data-libid=\"22\" data-lib=\"medialibrary\" title=\"mas-2.png\" width=\"0\" height=\"0\" data-dbsrc=\"Ly9jb21wcmFwbHVzdmUuY29tL3dwLWNvbnRlbnQvdXBsb2Fkcy9yZXZzbGlkZXIvYXBwLXNob3djYXNlL21hcy0yLnBuZw==\"\/>\n\t\t\t\t\t\t<img data-src=\"\/\/compraplusve.com\/wp-content\/uploads\/revslider\/app-showcase\/mas-3.png\" data-libid=\"23\" data-lib=\"medialibrary\" title=\"mas-3.png\" width=\"0\" height=\"0\" data-dbsrc=\"Ly9jb21wcmFwbHVzdmUuY29tL3dwLWNvbnRlbnQvdXBsb2Fkcy9yZXZzbGlkZXIvYXBwLXNob3djYXNlL21hcy0zLnBuZw==\"\/>\n\t\t\t\t\t\t<img data-src=\"\/\/compraplusve.com\/wp-content\/uploads\/revslider\/app-showcase\/mas.png\" data-libid=\"24\" data-lib=\"medialibrary\" title=\"mas.png\" width=\"0\" height=\"0\" data-dbsrc=\"Ly9jb21wcmFwbHVzdmUuY29tL3dwLWNvbnRlbnQvdXBsb2Fkcy9yZXZzbGlkZXIvYXBwLXNob3djYXNlL21hcy5wbmc=\"\/>\n\t\t\t\t\t<\/image_lists>\n\t\t\t\t<\/sr7-module>\n\t\t\t\t<script>\n\t\t\t\t\tSR7.PMH ??={}; SR7.PMH[\"SR7_3_3\"] = {cn:100,state:false,fn: function() { if (_tpt!==undefined && _tpt.prepareModuleHeight !== undefined) {  _tpt.prepareModuleHeight({id:\"SR7_3_3\",el:[868,868,768,1060,1220],type:'hero',shdw:'0',gh:[868,868,768,1060,1220],gw:[1240,1240,1024,778,480],vpt:['-100px&#039;,&#039;-100px&#039;,&#039;-100px&#039;,&#039;-100px&#039;,&#039;-100px'],size:{fullWidth:true, fullHeight:false},mh:'0',onh:0,onw:0,bg:{color:'{\"type\":\"solid\",\"orig\":\"\",\"string\":\"rgba(0, 0, 0, 1)\"}'},plType:'-1',plColor:'#FFFFFF'});   SR7.PMH[\"SR7_3_3\"].state=true;} else if(SR7.PMH[\"SR7_3_3\"].cn-->0)\tsetTimeout( SR7.PMH[\"SR7_3_3\"].fn,19);}};SR7.PMH[\"SR7_3_3\" ].fn();\n\t\t\t\t<\/script>\n\n\t\t\t\t<\/div>\n\t\t\t<\/div><\/p>\n","protected":false},"author":1,"featured_media":0,"parent":0,"menu_order":0,"comment_status":"closed","ping_status":"closed","template":"","meta":{"_et_pb_use_builder":"on","_et_pb_old_content":"","_et_gb_content_width":"","footnotes":""},"class_list":["post-27","page","type-page","status-publish","hentry"],"_links":{"self":[{"href":"https:\/\/compraplusve.com\/index.php\/wp-json\/wp\/v2\/pages\/27","targetHints":{"allow":["GET"]}}],"collection":[{"href":"https:\/\/compraplusve.com\/index.php\/wp-json\/wp\/v2\/pages"}],"about":[{"href":"https:\/\/compraplusve.com\/index.php\/wp-json\/wp\/v2\/types\/page"}],"author":[{"embeddable":true,"href":"https:\/\/compraplusve.com\/index.php\/wp-json\/wp\/v2\/users\/1"}],"replies":[{"embeddable":true,"href":"https:\/\/compraplusve.com\/index.php\/wp-json\/wp\/v2\/comments?post=27"}],"version-history":[{"count":4,"href":"https:\/\/compraplusve.com\/index.php\/wp-json\/wp\/v2\/pages\/27\/revisions"}],"predecessor-version":[{"id":70,"href":"https:\/\/compraplusve.com\/index.php\/wp-json\/wp\/v2\/pages\/27\/revisions\/70"}],"wp:attachment":[{"href":"https:\/\/compraplusve.com\/index.php\/wp-json\/wp\/v2\/media?parent=27"}],"curies":[{"name":"wp","href":"https:\/\/api.w.org\/{rel}","templated":true}]}}